{"id":2891,"date":"2022-01-14T11:12:09","date_gmt":"2022-01-14T10:12:09","guid":{"rendered":"https:\/\/vernisculturel.fr\/?page_id=2891"},"modified":"2023-07-01T19:11:46","modified_gmt":"2023-07-01T17:11:46","slug":"debattre","status":"publish","type":"page","link":"https:\/\/planetevero.fr\/index.php\/debattre\/","title":{"rendered":"DEBATTRE"},"content":{"rendered":"<p>[et_pb_section fb_built=\u00a0\u00bb1&Prime; admin_label=\u00a0\u00bbHeader\u00a0\u00bb _builder_version=\u00a0\u00bb4.21.0&Prime; _module_preset=\u00a0\u00bbdefault\u00a0\u00bb background_color=\u00a0\u00bb#FFFFFF\u00a0\u00bb locked=\u00a0\u00bboff\u00a0\u00bb global_colors_info=\u00a0\u00bb{}\u00a0\u00bb][et_pb_row column_structure=\u00a0\u00bb1_2,1_2&Prime; _builder_version=\u00a0\u00bb4.21.0&Prime; _module_preset=\u00a0\u00bbdefault\u00a0\u00bb custom_margin=\u00a0\u00bb80px||||false|false\u00a0\u00bb global_colors_info=\u00a0\u00bb{}\u00a0\u00bb][et_pb_column type=\u00a0\u00bb1_2&Prime; _builder_version=\u00a0\u00bb4.16&Prime; _module_preset=\u00a0\u00bbdefault\u00a0\u00bb global_colors_info=\u00a0\u00bb{}\u00a0\u00bb][et_pb_text _builder_version=\u00a0\u00bb4.21.0&Prime; _module_preset=\u00a0\u00bbe598b17a-9229-42f6-b238-019d6094332e\u00a0\u00bb text_font_size=\u00a0\u00bb16px\u00a0\u00bb header_font=\u00a0\u00bb||||||||\u00a0\u00bb header_text_color=\u00a0\u00bb#161616&Prime; header_line_height=\u00a0\u00bb1.15em\u00a0\u00bb custom_margin=\u00a0\u00bb||30px||false|false\u00a0\u00bb locked=\u00a0\u00bboff\u00a0\u00bb inline_fonts=\u00a0\u00bbShadows Into Light\u00a0\u00bb global_colors_info=\u00a0\u00bb{}\u00a0\u00bb]<\/p>\n<h1>D\u00e9battre<\/h1>\n<p>[\/et_pb_text][et_pb_button button_url=\u00a0\u00bb@ET-DC@eyJkeW5hbWljIjp0cnVlLCJjb250ZW50IjoicG9zdF9saW5rX3VybF9wYWdlIiwic2V0dGluZ3MiOnsicG9zdF9pZCI6IjM4MiJ9fQ==@\u00a0\u00bb button_text=\u00a0\u00bbArticles r\u00e9cents\u00a0\u00bb _builder_version=\u00a0\u00bb4.21.0&Prime; _dynamic_attributes=\u00a0\u00bbbutton_url\u00a0\u00bb _module_preset=\u00a0\u00bb666ada86-67f2-4129-8a37-681b41ae2d46&Prime; custom_button=\u00a0\u00bbon\u00a0\u00bb button_text_size=\u00a0\u00bb18px\u00a0\u00bb button_bg_color=\u00a0\u00bb#474747&Prime; button_border_width=\u00a0\u00bb0px\u00a0\u00bb button_border_radius=\u00a0\u00bb0px\u00a0\u00bb button_font=\u00a0\u00bb||||||||\u00a0\u00bb background_layout=\u00a0\u00bbdark\u00a0\u00bb custom_padding=\u00a0\u00bb10px||10px||true|false\u00a0\u00bb hover_enabled=\u00a0\u00bb0&Prime; locked=\u00a0\u00bboff\u00a0\u00bb global_colors_info=\u00a0\u00bb{}\u00a0\u00bb sticky_enabled=\u00a0\u00bb0&Prime;][\/et_pb_button][\/et_pb_column][et_pb_column type=\u00a0\u00bb1_2&Prime; _builder_version=\u00a0\u00bb4.21.0&Prime; _module_preset=\u00a0\u00bbdefault\u00a0\u00bb background_color=\u00a0\u00bbRGBA(255,255,255,0)\u00a0\u00bb custom_padding=\u00a0\u00bb|||48px|false|false\u00a0\u00bb global_colors_info=\u00a0\u00bb{}\u00a0\u00bb][et_pb_social_media_follow _builder_version=\u00a0\u00bb4.16&Prime; _module_preset=\u00a0\u00bbdefault\u00a0\u00bb background_color=\u00a0\u00bb#161616&Prime; positioning=\u00a0\u00bbabsolute\u00a0\u00bb text_orientation=\u00a0\u00bbcenter\u00a0\u00bb width=\u00a0\u00bb48px\u00a0\u00bb custom_margin_tablet=\u00a0\u00bb-135px|0px||0px|false|false\u00a0\u00bb custom_margin_phone=\u00a0\u00bb-135px||||false|false\u00a0\u00bb custom_margin_last_edited=\u00a0\u00bboff|desktop\u00a0\u00bb custom_padding=\u00a0\u00bb8px|||8px|false|false\u00a0\u00bb text_orientation_tablet=\u00a0\u00bbcenter\u00a0\u00bb text_orientation_last_edited=\u00a0\u00bboff|tablet\u00a0\u00bb custom_css_social_icon=\u00a0\u00bbmargin-right: 8px;\u00a0\u00bb locked=\u00a0\u00bboff\u00a0\u00bb global_colors_info=\u00a0\u00bb{}\u00a0\u00bb][et_pb_social_media_follow_network social_network=\u00a0\u00bbfacebook\u00a0\u00bb _builder_version=\u00a0\u00bb4.16&Prime; _module_preset=\u00a0\u00bbdefault\u00a0\u00bb background_enable_color=\u00a0\u00bboff\u00a0\u00bb global_colors_info=\u00a0\u00bb{}\u00a0\u00bb follow_button=\u00a0\u00bboff\u00a0\u00bb url_new_window=\u00a0\u00bbon\u00a0\u00bb]facebook[\/et_pb_social_media_follow_network][et_pb_social_media_follow_network social_network=\u00a0\u00bbtwitter\u00a0\u00bb _builder_version=\u00a0\u00bb4.16&Prime; _module_preset=\u00a0\u00bbdefault\u00a0\u00bb background_enable_color=\u00a0\u00bboff\u00a0\u00bb global_colors_info=\u00a0\u00bb{}\u00a0\u00bb follow_button=\u00a0\u00bboff\u00a0\u00bb url_new_window=\u00a0\u00bbon\u00a0\u00bb]twitter[\/et_pb_social_media_follow_network][et_pb_social_media_follow_network social_network=\u00a0\u00bbinstagram\u00a0\u00bb _builder_version=\u00a0\u00bb4.16&Prime; _module_preset=\u00a0\u00bbdefault\u00a0\u00bb background_color=\u00a0\u00bbRGBA(0,0,0,0)\u00a0\u00bb background_enable_color=\u00a0\u00bbon\u00a0\u00bb global_colors_info=\u00a0\u00bb{}\u00a0\u00bb follow_button=\u00a0\u00bboff\u00a0\u00bb url_new_window=\u00a0\u00bbon\u00a0\u00bb]instagram[\/et_pb_social_media_follow_network][et_pb_social_media_follow_network social_network=\u00a0\u00bbyoutube\u00a0\u00bb _builder_version=\u00a0\u00bb4.16&Prime; _module_preset=\u00a0\u00bbdefault\u00a0\u00bb background_color=\u00a0\u00bbRGBA(0,0,0,0)\u00a0\u00bb background_enable_color=\u00a0\u00bbon\u00a0\u00bb global_colors_info=\u00a0\u00bb{}\u00a0\u00bb follow_button=\u00a0\u00bboff\u00a0\u00bb url_new_window=\u00a0\u00bbon\u00a0\u00bb]youtube[\/et_pb_social_media_follow_network][\/et_pb_social_media_follow][et_pb_text _builder_version=\u00a0\u00bb4.21.0&Prime; _module_preset=\u00a0\u00bbe598b17a-9229-42f6-b238-019d6094332e\u00a0\u00bb header_font=\u00a0\u00bbVidaloka||||||||\u00a0\u00bb header_text_color=\u00a0\u00bb#161616&Prime; header_line_height=\u00a0\u00bb1.15em\u00a0\u00bb background_color=\u00a0\u00bb#f7f7f7&Prime; custom_margin=\u00a0\u00bb||30px||false|false\u00a0\u00bb custom_padding=\u00a0\u00bb14px||10px|20px|false|false\u00a0\u00bb hover_enabled=\u00a0\u00bb0&Prime; header_font_size_tablet=\u00a0\u00bb40px\u00a0\u00bb header_font_size_phone=\u00a0\u00bb24px\u00a0\u00bb header_font_size_last_edited=\u00a0\u00bbon|desktop\u00a0\u00bb locked=\u00a0\u00bboff\u00a0\u00bb inline_fonts=\u00a0\u00bbShadows Into Light\u00a0\u00bb global_colors_info=\u00a0\u00bb{}\u00a0\u00bb text_font=\u00a0\u00bb||||||||\u00a0\u00bb sticky_enabled=\u00a0\u00bb0&Prime;]<\/p>\n<p>Racisme, consommation, droits des femmes, r\u00e9chauffement climatique, sp\u00e9cisme&#8230;de (tr\u00e8s) nombreux sujets m\u00e9ritent que l&rsquo;on s&rsquo;y arr\u00eate et que l&rsquo;on prenne le temps d&rsquo;y r\u00e9fl\u00e9chir.<\/p>\n<p>Le mieux-vivre ensemble en d\u00e9pend bien souvent<\/p>\n<p>[\/et_pb_text][\/et_pb_column][\/et_pb_row][et_pb_row column_structure=\u00a0\u00bb1_2,1_2&Prime; use_custom_gutter=\u00a0\u00bbon\u00a0\u00bb _builder_version=\u00a0\u00bb4.21.0&Prime; _module_preset=\u00a0\u00bbdefault\u00a0\u00bb width=\u00a0\u00bb95%\u00a0\u00bb border_color_all=\u00a0\u00bbrgba(22,22,22,0.11)\u00a0\u00bb global_colors_info=\u00a0\u00bb{}\u00a0\u00bb][et_pb_column type=\u00a0\u00bb1_2&Prime; _builder_version=\u00a0\u00bb4.16&Prime; _module_preset=\u00a0\u00bbdefault\u00a0\u00bb custom_padding=\u00a0\u00bb|50px||50px|false|false\u00a0\u00bb global_colors_info=\u00a0\u00bb{}\u00a0\u00bb][et_pb_blurb title=\u00a0\u00bbCause animale\u00a0\u00bb url=\u00a0\u00bb@ET-DC@eyJkeW5hbWljIjp0cnVlLCJjb250ZW50IjoicG9zdF9saW5rX3VybF9wYWdlIiwic2V0dGluZ3MiOnsicG9zdF9pZCI6IjI4NzgifX0=@\u00a0\u00bb image=\u00a0\u00bbhttp:\/\/planetevero.fr\/wp-content\/uploads\/2021\/12\/gratisography-donkey-free-stock-photo.jpg\u00a0\u00bb image_icon_width=\u00a0\u00bb100%\u00a0\u00bb _builder_version=\u00a0\u00bb4.21.0&Prime; _dynamic_attributes=\u00a0\u00bburl\u00a0\u00bb _module_preset=\u00a0\u00bbdefault\u00a0\u00bb header_level=\u00a0\u00bbh2&Prime; header_font=\u00a0\u00bb||||||||\u00a0\u00bb header_text_align=\u00a0\u00bbcenter\u00a0\u00bb header_line_height=\u00a0\u00bb1.4em\u00a0\u00bb animation=\u00a0\u00bboff\u00a0\u00bb border_radii_image=\u00a0\u00bbon|100%|100%|100%|100%\u00a0\u00bb locked=\u00a0\u00bboff\u00a0\u00bb global_colors_info=\u00a0\u00bb{}\u00a0\u00bb][\/et_pb_blurb][\/et_pb_column][et_pb_column type=\u00a0\u00bb1_2&Prime; _builder_version=\u00a0\u00bb4.16&Prime; _module_preset=\u00a0\u00bbdefault\u00a0\u00bb custom_padding=\u00a0\u00bb|50px||50px|false|false\u00a0\u00bb global_colors_info=\u00a0\u00bb{}\u00a0\u00bb][et_pb_blurb title=\u00a0\u00bbSoci\u00e9t\u00e9\u00a0\u00bb url=\u00a0\u00bb@ET-DC@eyJkeW5hbWljIjp0cnVlLCJjb250ZW50IjoicG9zdF9saW5rX3VybF9wYWdlIiwic2V0dGluZ3MiOnsicG9zdF9pZCI6IjI4ODQifX0=@\u00a0\u00bb image=\u00a0\u00bbhttp:\/\/planetevero.fr\/wp-content\/uploads\/2021\/12\/gratisography-sad-cry-free-stock-photo.jpg\u00a0\u00bb image_icon_width=\u00a0\u00bb100%\u00a0\u00bb _builder_version=\u00a0\u00bb4.21.0&Prime; _dynamic_attributes=\u00a0\u00bburl\u00a0\u00bb _module_preset=\u00a0\u00bbdefault\u00a0\u00bb header_level=\u00a0\u00bbh2&Prime; header_font=\u00a0\u00bb||||||||\u00a0\u00bb header_text_align=\u00a0\u00bbcenter\u00a0\u00bb header_line_height=\u00a0\u00bb1.4em\u00a0\u00bb animation=\u00a0\u00bboff\u00a0\u00bb border_radii_image=\u00a0\u00bbon|100%|100%|100%|100%\u00a0\u00bb locked=\u00a0\u00bboff\u00a0\u00bb global_colors_info=\u00a0\u00bb{}\u00a0\u00bb][\/et_pb_blurb][\/et_pb_column][\/et_pb_row][\/et_pb_section]<\/p>\n","protected":false},"excerpt":{"rendered":"<p>Racisme, consommation, droits des femmes, r\u00e9chauffement climatique, sp\u00e9cisme&#8230;de (tr\u00e8s) nombreux sujets m\u00e9ritent que l&rsquo;on s&rsquo;y arr\u00eate et que l&rsquo;on prenne le temps d&rsquo;y r\u00e9fl\u00e9chir.<\/p>\n<p>Le mieux-vivre ensemble en d\u00e9pend bien souvent.<\/p>\n","protected":false},"author":1,"featured_media":129,"parent":0,"menu_order":0,"comment_status":"closed","ping_status":"closed","template":"","meta":{"_et_pb_use_builder":"on","_et_pb_old_content":"","_et_gb_content_width":"","footnotes":""},"class_list":["post-2891","page","type-page","status-publish","has-post-thumbnail","hentry"],"yoast_head":"<!-- This site is optimized with the Yoast SEO plugin v27.5 - https:\/\/yoast.com\/product\/yoast-seo-wordpress\/ -->\n<title>DEBATTRE - PlaneteVero<\/title>\n<meta name=\"description\" content=\"Racisme, consommation, droits des femmes, r\u00e9chauffement climatique, sp\u00e9cisme...de nombreux sujets \u00e0 m\u00e9diter pour le mieux-vivre de tous\" \/>\n<meta name=\"robots\" content=\"index, follow, max-snippet:-1, max-image-preview:large, max-video-preview:-1\" \/>\n<link rel=\"canonical\" href=\"https:\/\/planetevero.fr\/index.php\/debattre\/\" \/>\n<meta property=\"og:locale\" content=\"fr_FR\" \/>\n<meta property=\"og:type\" content=\"article\" \/>\n<meta property=\"og:title\" content=\"DEBATTRE - PlaneteVero\" \/>\n<meta property=\"og:description\" content=\"Racisme, consommation, droits des femmes, r\u00e9chauffement climatique, sp\u00e9cisme...de nombreux sujets \u00e0 m\u00e9diter pour le mieux-vivre de tous\" \/>\n<meta property=\"og:url\" content=\"https:\/\/planetevero.fr\/index.php\/debattre\/\" \/>\n<meta property=\"og:site_name\" content=\"PlaneteVero\" \/>\n<meta property=\"article:modified_time\" content=\"2023-07-01T17:11:46+00:00\" \/>\n<meta property=\"og:image\" content=\"http:\/\/planetevero.fr\/wp-content\/uploads\/2021\/12\/vernisculturel-debattre.jpg\" \/>\n\t<meta property=\"og:image:width\" content=\"640\" \/>\n\t<meta property=\"og:image:height\" content=\"426\" \/>\n\t<meta property=\"og:image:type\" content=\"image\/jpeg\" \/>\n<meta name=\"twitter:card\" content=\"summary_large_image\" \/>\n<meta name=\"twitter:label1\" content=\"Dur\u00e9e de lecture estim\u00e9e\" \/>\n\t<meta name=\"twitter:data1\" content=\"2 minutes\" \/>\n<script type=\"application\/ld+json\" class=\"yoast-schema-graph\">{\"@context\":\"https:\\\/\\\/schema.org\",\"@graph\":[{\"@type\":\"WebPage\",\"@id\":\"https:\\\/\\\/planetevero.fr\\\/index.php\\\/debattre\\\/\",\"url\":\"https:\\\/\\\/planetevero.fr\\\/index.php\\\/debattre\\\/\",\"name\":\"DEBATTRE - PlaneteVero\",\"isPartOf\":{\"@id\":\"https:\\\/\\\/planetevero.fr\\\/#website\"},\"primaryImageOfPage\":{\"@id\":\"https:\\\/\\\/planetevero.fr\\\/index.php\\\/debattre\\\/#primaryimage\"},\"image\":{\"@id\":\"https:\\\/\\\/planetevero.fr\\\/index.php\\\/debattre\\\/#primaryimage\"},\"thumbnailUrl\":\"https:\\\/\\\/planetevero.fr\\\/wp-content\\\/uploads\\\/2021\\\/12\\\/vernisculturel-debattre.jpg\",\"datePublished\":\"2022-01-14T10:12:09+00:00\",\"dateModified\":\"2023-07-01T17:11:46+00:00\",\"description\":\"Racisme, consommation, droits des femmes, r\u00e9chauffement climatique, sp\u00e9cisme...de nombreux sujets \u00e0 m\u00e9diter pour le mieux-vivre de tous\",\"breadcrumb\":{\"@id\":\"https:\\\/\\\/planetevero.fr\\\/index.php\\\/debattre\\\/#breadcrumb\"},\"inLanguage\":\"fr-FR\",\"potentialAction\":[{\"@type\":\"ReadAction\",\"target\":[\"https:\\\/\\\/planetevero.fr\\\/index.php\\\/debattre\\\/\"]}]},{\"@type\":\"ImageObject\",\"inLanguage\":\"fr-FR\",\"@id\":\"https:\\\/\\\/planetevero.fr\\\/index.php\\\/debattre\\\/#primaryimage\",\"url\":\"https:\\\/\\\/planetevero.fr\\\/wp-content\\\/uploads\\\/2021\\\/12\\\/vernisculturel-debattre.jpg\",\"contentUrl\":\"https:\\\/\\\/planetevero.fr\\\/wp-content\\\/uploads\\\/2021\\\/12\\\/vernisculturel-debattre.jpg\",\"width\":640,\"height\":426},{\"@type\":\"BreadcrumbList\",\"@id\":\"https:\\\/\\\/planetevero.fr\\\/index.php\\\/debattre\\\/#breadcrumb\",\"itemListElement\":[{\"@type\":\"ListItem\",\"position\":1,\"name\":\"Accueil\",\"item\":\"https:\\\/\\\/planetevero.fr\\\/\"},{\"@type\":\"ListItem\",\"position\":2,\"name\":\"DEBATTRE\"}]},{\"@type\":\"WebSite\",\"@id\":\"https:\\\/\\\/planetevero.fr\\\/#website\",\"url\":\"https:\\\/\\\/planetevero.fr\\\/\",\"name\":\"PlaneteVero\",\"description\":\"Mon espace...\",\"publisher\":{\"@id\":\"https:\\\/\\\/planetevero.fr\\\/#\\\/schema\\\/person\\\/8fcf467d3a546ac22358e09ec9822d13\"},\"potentialAction\":[{\"@type\":\"SearchAction\",\"target\":{\"@type\":\"EntryPoint\",\"urlTemplate\":\"https:\\\/\\\/planetevero.fr\\\/?s={search_term_string}\"},\"query-input\":{\"@type\":\"PropertyValueSpecification\",\"valueRequired\":true,\"valueName\":\"search_term_string\"}}],\"inLanguage\":\"fr-FR\"},{\"@type\":[\"Person\",\"Organization\"],\"@id\":\"https:\\\/\\\/planetevero.fr\\\/#\\\/schema\\\/person\\\/8fcf467d3a546ac22358e09ec9822d13\",\"name\":\"MERVAILLIE\",\"image\":{\"@type\":\"ImageObject\",\"inLanguage\":\"fr-FR\",\"@id\":\"https:\\\/\\\/secure.gravatar.com\\\/avatar\\\/d58ab6c4cb1a0d63987ed2118b2f4b0b76272bf3604595bdd603d17045aa0547?s=96&d=mm&r=g\",\"url\":\"https:\\\/\\\/secure.gravatar.com\\\/avatar\\\/d58ab6c4cb1a0d63987ed2118b2f4b0b76272bf3604595bdd603d17045aa0547?s=96&d=mm&r=g\",\"contentUrl\":\"https:\\\/\\\/secure.gravatar.com\\\/avatar\\\/d58ab6c4cb1a0d63987ed2118b2f4b0b76272bf3604595bdd603d17045aa0547?s=96&d=mm&r=g\",\"caption\":\"MERVAILLIE\"},\"logo\":{\"@id\":\"https:\\\/\\\/secure.gravatar.com\\\/avatar\\\/d58ab6c4cb1a0d63987ed2118b2f4b0b76272bf3604595bdd603d17045aa0547?s=96&d=mm&r=g\"},\"sameAs\":[\"https:\\\/\\\/vernisculturel.fr\"]}]}<\/script>\n<!-- \/ Yoast SEO plugin. -->","yoast_head_json":{"title":"DEBATTRE - PlaneteVero","description":"Racisme, consommation, droits des femmes, r\u00e9chauffement climatique, sp\u00e9cisme...de nombreux sujets \u00e0 m\u00e9diter pour le mieux-vivre de tous","robots":{"index":"index","follow":"follow","max-snippet":"max-snippet:-1","max-image-preview":"max-image-preview:large","max-video-preview":"max-video-preview:-1"},"canonical":"https:\/\/planetevero.fr\/index.php\/debattre\/","og_locale":"fr_FR","og_type":"article","og_title":"DEBATTRE - PlaneteVero","og_description":"Racisme, consommation, droits des femmes, r\u00e9chauffement climatique, sp\u00e9cisme...de nombreux sujets \u00e0 m\u00e9diter pour le mieux-vivre de tous","og_url":"https:\/\/planetevero.fr\/index.php\/debattre\/","og_site_name":"PlaneteVero","article_modified_time":"2023-07-01T17:11:46+00:00","og_image":[{"width":640,"height":426,"url":"http:\/\/planetevero.fr\/wp-content\/uploads\/2021\/12\/vernisculturel-debattre.jpg","type":"image\/jpeg"}],"twitter_card":"summary_large_image","twitter_misc":{"Dur\u00e9e de lecture estim\u00e9e":"2 minutes"},"schema":{"@context":"https:\/\/schema.org","@graph":[{"@type":"WebPage","@id":"https:\/\/planetevero.fr\/index.php\/debattre\/","url":"https:\/\/planetevero.fr\/index.php\/debattre\/","name":"DEBATTRE - PlaneteVero","isPartOf":{"@id":"https:\/\/planetevero.fr\/#website"},"primaryImageOfPage":{"@id":"https:\/\/planetevero.fr\/index.php\/debattre\/#primaryimage"},"image":{"@id":"https:\/\/planetevero.fr\/index.php\/debattre\/#primaryimage"},"thumbnailUrl":"https:\/\/planetevero.fr\/wp-content\/uploads\/2021\/12\/vernisculturel-debattre.jpg","datePublished":"2022-01-14T10:12:09+00:00","dateModified":"2023-07-01T17:11:46+00:00","description":"Racisme, consommation, droits des femmes, r\u00e9chauffement climatique, sp\u00e9cisme...de nombreux sujets \u00e0 m\u00e9diter pour le mieux-vivre de tous","breadcrumb":{"@id":"https:\/\/planetevero.fr\/index.php\/debattre\/#breadcrumb"},"inLanguage":"fr-FR","potentialAction":[{"@type":"ReadAction","target":["https:\/\/planetevero.fr\/index.php\/debattre\/"]}]},{"@type":"ImageObject","inLanguage":"fr-FR","@id":"https:\/\/planetevero.fr\/index.php\/debattre\/#primaryimage","url":"https:\/\/planetevero.fr\/wp-content\/uploads\/2021\/12\/vernisculturel-debattre.jpg","contentUrl":"https:\/\/planetevero.fr\/wp-content\/uploads\/2021\/12\/vernisculturel-debattre.jpg","width":640,"height":426},{"@type":"BreadcrumbList","@id":"https:\/\/planetevero.fr\/index.php\/debattre\/#breadcrumb","itemListElement":[{"@type":"ListItem","position":1,"name":"Accueil","item":"https:\/\/planetevero.fr\/"},{"@type":"ListItem","position":2,"name":"DEBATTRE"}]},{"@type":"WebSite","@id":"https:\/\/planetevero.fr\/#website","url":"https:\/\/planetevero.fr\/","name":"PlaneteVero","description":"Mon espace...","publisher":{"@id":"https:\/\/planetevero.fr\/#\/schema\/person\/8fcf467d3a546ac22358e09ec9822d13"},"potentialAction":[{"@type":"SearchAction","target":{"@type":"EntryPoint","urlTemplate":"https:\/\/planetevero.fr\/?s={search_term_string}"},"query-input":{"@type":"PropertyValueSpecification","valueRequired":true,"valueName":"search_term_string"}}],"inLanguage":"fr-FR"},{"@type":["Person","Organization"],"@id":"https:\/\/planetevero.fr\/#\/schema\/person\/8fcf467d3a546ac22358e09ec9822d13","name":"MERVAILLIE","image":{"@type":"ImageObject","inLanguage":"fr-FR","@id":"https:\/\/secure.gravatar.com\/avatar\/d58ab6c4cb1a0d63987ed2118b2f4b0b76272bf3604595bdd603d17045aa0547?s=96&d=mm&r=g","url":"https:\/\/secure.gravatar.com\/avatar\/d58ab6c4cb1a0d63987ed2118b2f4b0b76272bf3604595bdd603d17045aa0547?s=96&d=mm&r=g","contentUrl":"https:\/\/secure.gravatar.com\/avatar\/d58ab6c4cb1a0d63987ed2118b2f4b0b76272bf3604595bdd603d17045aa0547?s=96&d=mm&r=g","caption":"MERVAILLIE"},"logo":{"@id":"https:\/\/secure.gravatar.com\/avatar\/d58ab6c4cb1a0d63987ed2118b2f4b0b76272bf3604595bdd603d17045aa0547?s=96&d=mm&r=g"},"sameAs":["https:\/\/vernisculturel.fr"]}]}},"_links":{"self":[{"href":"https:\/\/planetevero.fr\/index.php\/wp-json\/wp\/v2\/pages\/2891","targetHints":{"allow":["GET"]}}],"collection":[{"href":"https:\/\/planetevero.fr\/index.php\/wp-json\/wp\/v2\/pages"}],"about":[{"href":"https:\/\/planetevero.fr\/index.php\/wp-json\/wp\/v2\/types\/page"}],"author":[{"embeddable":true,"href":"https:\/\/planetevero.fr\/index.php\/wp-json\/wp\/v2\/users\/1"}],"replies":[{"embeddable":true,"href":"https:\/\/planetevero.fr\/index.php\/wp-json\/wp\/v2\/comments?post=2891"}],"version-history":[{"count":16,"href":"https:\/\/planetevero.fr\/index.php\/wp-json\/wp\/v2\/pages\/2891\/revisions"}],"predecessor-version":[{"id":4663,"href":"https:\/\/planetevero.fr\/index.php\/wp-json\/wp\/v2\/pages\/2891\/revisions\/4663"}],"wp:featuredmedia":[{"embeddable":true,"href":"https:\/\/planetevero.fr\/index.php\/wp-json\/wp\/v2\/media\/129"}],"wp:attachment":[{"href":"https:\/\/planetevero.fr\/index.php\/wp-json\/wp\/v2\/media?parent=2891"}],"curies":[{"name":"wp","href":"https:\/\/api.w.org\/{rel}","templated":true}]}}