{"id":1109,"date":"2021-12-13T10:18:37","date_gmt":"2021-12-13T09:18:37","guid":{"rendered":"https:\/\/vernisculturel.fr\/?page_id=1109"},"modified":"2023-07-01T17:27:14","modified_gmt":"2023-07-01T15:27:14","slug":"culture-dailleurs","status":"publish","type":"page","link":"https:\/\/planetevero.fr\/index.php\/culture-dailleurs\/","title":{"rendered":"Culture d&rsquo;ailleurs"},"content":{"rendered":"<p>[et_pb_section fb_built=\u00a0\u00bb1&Prime; inner_shadow=\u00a0\u00bbon\u00a0\u00bb admin_label=\u00a0\u00bbHeader\u00a0\u00bb _builder_version=\u00a0\u00bb4.21.0&Prime; _module_preset=\u00a0\u00bbdefault\u00a0\u00bb background_color=\u00a0\u00bb#f7f7f7&Prime; custom_padding=\u00a0\u00bb||||false|false\u00a0\u00bb locked=\u00a0\u00bboff\u00a0\u00bb global_colors_info=\u00a0\u00bb{}\u00a0\u00bb][et_pb_row column_structure=\u00a0\u00bb2_3,1_3&Prime; use_custom_gutter=\u00a0\u00bbon\u00a0\u00bb _builder_version=\u00a0\u00bb4.16&Prime; _module_preset=\u00a0\u00bbdefault\u00a0\u00bb width=\u00a0\u00bb95%\u00a0\u00bb custom_margin=\u00a0\u00bb80px||||false|false\u00a0\u00bb global_colors_info=\u00a0\u00bb{}\u00a0\u00bb][et_pb_column type=\u00a0\u00bb2_3&Prime; _builder_version=\u00a0\u00bb4.16&Prime; _module_preset=\u00a0\u00bbdefault\u00a0\u00bb global_colors_info=\u00a0\u00bb{}\u00a0\u00bb][et_pb_text _builder_version=\u00a0\u00bb4.21.0&Prime; _module_preset=\u00a0\u00bbe598b17a-9229-42f6-b238-019d6094332e\u00a0\u00bb header_font=\u00a0\u00bb||||||||\u00a0\u00bb header_line_height=\u00a0\u00bb1.15em\u00a0\u00bb custom_margin=\u00a0\u00bb||30px||false|false\u00a0\u00bb header_font_size_tablet=\u00a0\u00bb46px\u00a0\u00bb header_font_size_phone=\u00a0\u00bb38px\u00a0\u00bb header_font_size_last_edited=\u00a0\u00bbon|phone\u00a0\u00bb locked=\u00a0\u00bboff\u00a0\u00bb global_colors_info=\u00a0\u00bb{}\u00a0\u00bb]<\/p>\n<h1>Culture d&rsquo;ailleurs<\/h1>\n<p>[\/et_pb_text][\/et_pb_column][et_pb_column type=\u00a0\u00bb1_3&Prime; _builder_version=\u00a0\u00bb4.16&Prime; _module_preset=\u00a0\u00bbdefault\u00a0\u00bb global_colors_info=\u00a0\u00bb{}\u00a0\u00bb][et_pb_search show_button=\u00a0\u00bboff\u00a0\u00bb placeholder=\u00a0\u00bbRecherche\u00a0\u00bb _builder_version=\u00a0\u00bb4.16&Prime; _module_preset=\u00a0\u00bbdefault\u00a0\u00bb form_field_background_color=\u00a0\u00bb#e8e8e8&Prime; form_field_text_color=\u00a0\u00bb#474747&Prime; button_font=\u00a0\u00bbComfortaa||||||||\u00a0\u00bb form_field_font=\u00a0\u00bbComfortaa||||||||\u00a0\u00bb form_field_font_size=\u00a0\u00bb16px\u00a0\u00bb form_field_line_height=\u00a0\u00bb1.8em\u00a0\u00bb global_colors_info=\u00a0\u00bb{%22gcid-70e8f1e6-78eb-4f52-a811-0c9b614afdc2%22:%91%93}\u00a0\u00bb][\/et_pb_search][\/et_pb_column][\/et_pb_row][\/et_pb_section][et_pb_section fb_built=\u00a0\u00bb1&Prime; admin_label=\u00a0\u00bbBlog\u00a0\u00bb _builder_version=\u00a0\u00bb4.19.1&Prime; _module_preset=\u00a0\u00bbdefault\u00a0\u00bb background_color=\u00a0\u00bb#FFFFFF\u00a0\u00bb locked=\u00a0\u00bboff\u00a0\u00bb global_colors_info=\u00a0\u00bb{}\u00a0\u00bb][et_pb_row use_custom_gutter=\u00a0\u00bbon\u00a0\u00bb _builder_version=\u00a0\u00bb4.16&Prime; _module_preset=\u00a0\u00bbdefault\u00a0\u00bb width=\u00a0\u00bb95%\u00a0\u00bb custom_margin=\u00a0\u00bb80px||||false|false\u00a0\u00bb global_colors_info=\u00a0\u00bb{}\u00a0\u00bb][et_pb_column type=\u00a0\u00bb4_4&Prime; _builder_version=\u00a0\u00bb4.16&Prime; _module_preset=\u00a0\u00bbdefault\u00a0\u00bb global_colors_info=\u00a0\u00bb{}\u00a0\u00bb][et_pb_post_slider posts_number=\u00a0\u00bb20&Prime; include_categories=\u00a0\u00bb15&Prime; show_meta=\u00a0\u00bboff\u00a0\u00bb use_text_overlay=\u00a0\u00bbon\u00a0\u00bb _builder_version=\u00a0\u00bb4.21.0&Prime; _module_preset=\u00a0\u00bbdefault\u00a0\u00bb custom_button=\u00a0\u00bbon\u00a0\u00bb button_text_color=\u00a0\u00bb#FFFFFF\u00a0\u00bb button_bg_color=\u00a0\u00bbRGBA(255,255,255,0)\u00a0\u00bb button_border_color=\u00a0\u00bb#FFFFFF\u00a0\u00bb button_icon_color=\u00a0\u00bb#FFFFFF\u00a0\u00bb global_colors_info=\u00a0\u00bb{}\u00a0\u00bb][\/et_pb_post_slider][\/et_pb_column][\/et_pb_row][\/et_pb_section][et_pb_section fb_built=\u00a0\u00bb1&Prime; inner_shadow=\u00a0\u00bbon\u00a0\u00bb admin_label=\u00a0\u00bbBlog\u00a0\u00bb _builder_version=\u00a0\u00bb4.21.0&Prime; background_color=\u00a0\u00bb#f7f7f7&Prime; custom_padding=\u00a0\u00bb||0px||false|false\u00a0\u00bb custom_width_px__hover=\u00a0\u00bb1080px\u00a0\u00bb custom_width_px__hover_enabled=\u00a0\u00bb1080px\u00a0\u00bb custom_width_percent__hover=\u00a0\u00bb80%\u00a0\u00bb custom_width_percent__hover_enabled=\u00a0\u00bb80%\u00a0\u00bb global_colors_info=\u00a0\u00bb{}\u00a0\u00bb gutter_width__hover=\u00a0\u00bb3&Prime; gutter_width__hover_enabled=\u00a0\u00bb3&Prime; parallax_1__hover=\u00a0\u00bboff\u00a0\u00bb parallax_1__hover_enabled=\u00a0\u00bboff\u00a0\u00bb parallax_2__hover=\u00a0\u00bboff\u00a0\u00bb parallax_2__hover_enabled=\u00a0\u00bboff\u00a0\u00bb parallax_3__hover=\u00a0\u00bboff\u00a0\u00bb parallax_3__hover_enabled=\u00a0\u00bboff\u00a0\u00bb parallax_method_1__hover=\u00a0\u00bbon\u00a0\u00bb parallax_method_1__hover_enabled=\u00a0\u00bbon\u00a0\u00bb parallax_method_2__hover=\u00a0\u00bbon\u00a0\u00bb parallax_method_2__hover_enabled=\u00a0\u00bbon\u00a0\u00bb parallax_method_3__hover=\u00a0\u00bbon\u00a0\u00bb parallax_method_3__hover_enabled=\u00a0\u00bbon\u00a0\u00bb use_background_color_gradient__hover=\u00a0\u00bboff\u00a0\u00bb use_background_color_gradient__hover_enabled=\u00a0\u00bboff\u00a0\u00bb background_color_gradient_start__hover=\u00a0\u00bb#2b87da\u00a0\u00bb background_color_gradient_start__hover_enabled=\u00a0\u00bb#2b87da\u00a0\u00bb background_color_gradient_end__hover=\u00a0\u00bb#29c4a9&Prime; background_color_gradient_end__hover_enabled=\u00a0\u00bb#29c4a9&Prime; background_color_gradient_type__hover=\u00a0\u00bblinear\u00a0\u00bb background_color_gradient_type__hover_enabled=\u00a0\u00bblinear\u00a0\u00bb background_color_gradient_direction__hover=\u00a0\u00bb180deg\u00a0\u00bb background_color_gradient_direction__hover_enabled=\u00a0\u00bb180deg\u00a0\u00bb background_color_gradient_direction_radial__hover=\u00a0\u00bbcenter\u00a0\u00bb background_color_gradient_direction_radial__hover_enabled=\u00a0\u00bbcenter\u00a0\u00bb background_color_gradient_start_position__hover=\u00a0\u00bb0%\u00a0\u00bb background_color_gradient_start_position__hover_enabled=\u00a0\u00bb0%\u00a0\u00bb background_color_gradient_end_position__hover=\u00a0\u00bb100%\u00a0\u00bb background_color_gradient_end_position__hover_enabled=\u00a0\u00bb100%\u00a0\u00bb background_color_gradient_overlays_image__hover=\u00a0\u00bboff\u00a0\u00bb background_color_gradient_overlays_image__hover_enabled=\u00a0\u00bboff\u00a0\u00bb parallax__hover=\u00a0\u00bboff\u00a0\u00bb parallax__hover_enabled=\u00a0\u00bboff\u00a0\u00bb parallax_method__hover=\u00a0\u00bbon\u00a0\u00bb parallax_method__hover_enabled=\u00a0\u00bbon\u00a0\u00bb background_size__hover=\u00a0\u00bbcover\u00a0\u00bb background_size__hover_enabled=\u00a0\u00bbcover\u00a0\u00bb background_position__hover=\u00a0\u00bbcenter\u00a0\u00bb background_position__hover_enabled=\u00a0\u00bbcenter\u00a0\u00bb background_repeat__hover=\u00a0\u00bbno-repeat\u00a0\u00bb background_repeat__hover_enabled=\u00a0\u00bbno-repeat\u00a0\u00bb background_blend__hover=\u00a0\u00bbnormal\u00a0\u00bb background_blend__hover_enabled=\u00a0\u00bbnormal\u00a0\u00bb allow_player_pause__hover=\u00a0\u00bboff\u00a0\u00bb allow_player_pause__hover_enabled=\u00a0\u00bboff\u00a0\u00bb background_video_pause_outside_viewport__hover=\u00a0\u00bbon\u00a0\u00bb background_video_pause_outside_viewport__hover_enabled=\u00a0\u00bbon\u00a0\u00bb inner_shadow__hover=\u00a0\u00bboff\u00a0\u00bb inner_shadow__hover_enabled=\u00a0\u00bboff\u00a0\u00bb make_fullwidth__hover=\u00a0\u00bboff\u00a0\u00bb make_fullwidth__hover_enabled=\u00a0\u00bboff\u00a0\u00bb use_custom_width__hover=\u00a0\u00bboff\u00a0\u00bb use_custom_width__hover_enabled=\u00a0\u00bboff\u00a0\u00bb width_unit__hover=\u00a0\u00bbon\u00a0\u00bb width_unit__hover_enabled=\u00a0\u00bbon\u00a0\u00bb make_equal__hover=\u00a0\u00bboff\u00a0\u00bb make_equal__hover_enabled=\u00a0\u00bboff\u00a0\u00bb use_custom_gutter__hover=\u00a0\u00bboff\u00a0\u00bb use_custom_gutter__hover_enabled=\u00a0\u00bboff\u00a0\u00bb border_radii__hover=\u00a0\u00bbon||||\u00a0\u00bb border_radii__hover_enabled=\u00a0\u00bbon||||\u00a0\u00bb box_shadow_style__hover=\u00a0\u00bbnone\u00a0\u00bb box_shadow_style__hover_enabled=\u00a0\u00bbnone\u00a0\u00bb box_shadow_color__hover=\u00a0\u00bbrgba(0,0,0,0.3)\u00a0\u00bb box_shadow_color__hover_enabled=\u00a0\u00bbrgba(0,0,0,0.3)\u00a0\u00bb max_width__hover=\u00a0\u00bb100%\u00a0\u00bb max_width__hover_enabled=\u00a0\u00bb100%\u00a0\u00bb filter_hue_rotate__hover=\u00a0\u00bb0deg\u00a0\u00bb filter_hue_rotate__hover_enabled=\u00a0\u00bb0deg\u00a0\u00bb filter_saturate__hover=\u00a0\u00bb100%\u00a0\u00bb filter_saturate__hover_enabled=\u00a0\u00bb100%\u00a0\u00bb filter_brightness__hover=\u00a0\u00bb100%\u00a0\u00bb filter_brightness__hover_enabled=\u00a0\u00bb100%\u00a0\u00bb filter_contrast__hover=\u00a0\u00bb100%\u00a0\u00bb filter_contrast__hover_enabled=\u00a0\u00bb100%\u00a0\u00bb filter_invert__hover=\u00a0\u00bb0%\u00a0\u00bb filter_invert__hover_enabled=\u00a0\u00bb0%\u00a0\u00bb filter_sepia__hover=\u00a0\u00bb0%\u00a0\u00bb filter_sepia__hover_enabled=\u00a0\u00bb0%\u00a0\u00bb filter_opacity__hover=\u00a0\u00bb100%\u00a0\u00bb filter_opacity__hover_enabled=\u00a0\u00bb100%\u00a0\u00bb filter_blur__hover=\u00a0\u00bb0px\u00a0\u00bb filter_blur__hover_enabled=\u00a0\u00bb0px\u00a0\u00bb mix_blend_mode__hover=\u00a0\u00bbnormal\u00a0\u00bb mix_blend_mode__hover_enabled=\u00a0\u00bbnormal\u00a0\u00bb animation_style__hover=\u00a0\u00bbnone\u00a0\u00bb animation_style__hover_enabled=\u00a0\u00bbnone\u00a0\u00bb animation_repeat__hover=\u00a0\u00bbonce\u00a0\u00bb animation_repeat__hover_enabled=\u00a0\u00bbonce\u00a0\u00bb animation_direction__hover=\u00a0\u00bbcenter\u00a0\u00bb animation_direction__hover_enabled=\u00a0\u00bbcenter\u00a0\u00bb animation_duration__hover=\u00a0\u00bb1000ms\u00a0\u00bb animation_duration__hover_enabled=\u00a0\u00bb1000ms\u00a0\u00bb animation_delay__hover=\u00a0\u00bb0ms\u00a0\u00bb animation_delay__hover_enabled=\u00a0\u00bb0ms\u00a0\u00bb animation_intensity_slide__hover=\u00a0\u00bb50%\u00a0\u00bb animation_intensity_slide__hover_enabled=\u00a0\u00bb50%\u00a0\u00bb animation_intensity_zoom__hover=\u00a0\u00bb50%\u00a0\u00bb animation_intensity_zoom__hover_enabled=\u00a0\u00bb50%\u00a0\u00bb animation_intensity_flip__hover=\u00a0\u00bb50%\u00a0\u00bb animation_intensity_flip__hover_enabled=\u00a0\u00bb50%\u00a0\u00bb animation_intensity_fold__hover=\u00a0\u00bb50%\u00a0\u00bb animation_intensity_fold__hover_enabled=\u00a0\u00bb50%\u00a0\u00bb animation_intensity_roll__hover=\u00a0\u00bb50%\u00a0\u00bb animation_intensity_roll__hover_enabled=\u00a0\u00bb50%\u00a0\u00bb animation_starting_opacity__hover=\u00a0\u00bb0%\u00a0\u00bb animation_starting_opacity__hover_enabled=\u00a0\u00bb0%\u00a0\u00bb animation_speed_curve__hover=\u00a0\u00bbease-in-out\u00a0\u00bb animation_speed_curve__hover_enabled=\u00a0\u00bbease-in-out\u00a0\u00bb hover_transition_duration__hover=\u00a0\u00bb300ms\u00a0\u00bb hover_transition_duration__hover_enabled=\u00a0\u00bb300ms\u00a0\u00bb hover_transition_delay__hover=\u00a0\u00bb0ms\u00a0\u00bb hover_transition_delay__hover_enabled=\u00a0\u00bb0ms\u00a0\u00bb hover_transition_speed_curve__hover=\u00a0\u00bbease\u00a0\u00bb hover_transition_speed_curve__hover_enabled=\u00a0\u00bbease\u00a0\u00bb background_color_gradient_stops__hover=\u00a0\u00bb#2b87da 0%|#29c4a9 100%\u00a0\u00bb][et_pb_row use_custom_gutter=\u00a0\u00bbon\u00a0\u00bb _builder_version=\u00a0\u00bb4.16&Prime; _module_preset=\u00a0\u00bbdefault\u00a0\u00bb width=\u00a0\u00bb95%\u00a0\u00bb custom_margin=\u00a0\u00bb80px||||false|false\u00a0\u00bb global_colors_info=\u00a0\u00bb{}\u00a0\u00bb][et_pb_column type=\u00a0\u00bb4_4&Prime; _builder_version=\u00a0\u00bb4.16&Prime; _module_preset=\u00a0\u00bbdefault\u00a0\u00bb global_colors_info=\u00a0\u00bb{}\u00a0\u00bb][et_pb_text _builder_version=\u00a0\u00bb4.19.1&Prime; _module_preset=\u00a0\u00bbdefault\u00a0\u00bb text_font=\u00a0\u00bbShadows Into Light||||||||\u00a0\u00bb text_text_color=\u00a0\u00bb#6c6386&Prime; text_font_size=\u00a0\u00bb35px\u00a0\u00bb header_2_font_size_tablet=\u00a0\u00bb\u00a0\u00bb header_2_font_size_phone=\u00a0\u00bb\u00a0\u00bb header_2_font_size_last_edited=\u00a0\u00bbon|tablet\u00a0\u00bb global_colors_info=\u00a0\u00bb{}\u00a0\u00bb]<\/p>\n<h2 style=\"text-align: center;\">Les derniers articles<\/h2>\n<p>[\/et_pb_text][et_pb_blog fullwidth=\u00a0\u00bboff\u00a0\u00bb posts_number=\u00a0\u00bb3&Prime; include_categories=\u00a0\u00bb15&Prime; excerpt_length=\u00a0\u00bb50&Prime; show_more=\u00a0\u00bbon\u00a0\u00bb show_author=\u00a0\u00bboff\u00a0\u00bb show_date=\u00a0\u00bboff\u00a0\u00bb masonry_tile_background_color=\u00a0\u00bb#FFFFFF\u00a0\u00bb _builder_version=\u00a0\u00bb4.21.0&Prime; _module_preset=\u00a0\u00bbdefault\u00a0\u00bb header_font=\u00a0\u00bb||||||||\u00a0\u00bb header_text_align=\u00a0\u00bbcenter\u00a0\u00bb header_font_size=\u00a0\u00bb25px\u00a0\u00bb header_line_height=\u00a0\u00bb1.4em\u00a0\u00bb body_text_align=\u00a0\u00bbjustify\u00a0\u00bb body_text_color=\u00a0\u00bb#1B435B\u00a0\u00bb body_line_height=\u00a0\u00bb1.8em\u00a0\u00bb meta_font=\u00a0\u00bb|600|||||||\u00a0\u00bb meta_text_color=\u00a0\u00bb#7CDA24&Prime; meta_font_size=\u00a0\u00bb12px\u00a0\u00bb meta_line_height=\u00a0\u00bb1.8em\u00a0\u00bb read_more_font=\u00a0\u00bbComfortaa|||||||#0DA0C5|\u00a0\u00bb read_more_text_color=\u00a0\u00bb#0DA0C5&Prime; read_more_font_size=\u00a0\u00bb12px\u00a0\u00bb read_more_line_height=\u00a0\u00bb1.8em\u00a0\u00bb text_orientation=\u00a0\u00bbleft\u00a0\u00bb custom_padding=\u00a0\u00bb|||0px||\u00a0\u00bb hover_enabled=\u00a0\u00bb0&Prime; header_font_size_tablet=\u00a0\u00bb24px\u00a0\u00bb header_font_size_phone=\u00a0\u00bb22px\u00a0\u00bb header_font_size_last_edited=\u00a0\u00bbon|desktop\u00a0\u00bb read_more_text_shadow_style=\u00a0\u00bbpreset2&Prime; border_width_all=\u00a0\u00bb0px\u00a0\u00bb locked=\u00a0\u00bboff\u00a0\u00bb global_colors_info=\u00a0\u00bb{}\u00a0\u00bb body_font_size=\u00a0\u00bb13px\u00a0\u00bb sticky_enabled=\u00a0\u00bb0&Prime;][\/et_pb_blog][\/et_pb_column][\/et_pb_row][\/et_pb_section][et_pb_section fb_built=\u00a0\u00bb1&Prime; _builder_version=\u00a0\u00bb4.21.0&Prime; _module_preset=\u00a0\u00bbdefault\u00a0\u00bb background_color=\u00a0\u00bb#FFFFFF\u00a0\u00bb global_colors_info=\u00a0\u00bb{}\u00a0\u00bb][et_pb_row use_custom_gutter=\u00a0\u00bbon\u00a0\u00bb _builder_version=\u00a0\u00bb4.16&Prime; _module_preset=\u00a0\u00bbdefault\u00a0\u00bb width=\u00a0\u00bb95%\u00a0\u00bb custom_margin=\u00a0\u00bb80px||||false|false\u00a0\u00bb global_colors_info=\u00a0\u00bb{}\u00a0\u00bb][et_pb_column type=\u00a0\u00bb4_4&Prime; _builder_version=\u00a0\u00bb4.16&Prime; _module_preset=\u00a0\u00bbdefault\u00a0\u00bb global_colors_info=\u00a0\u00bb{}\u00a0\u00bb][et_pb_text _builder_version=\u00a0\u00bb4.16&Prime; _module_preset=\u00a0\u00bbdefault\u00a0\u00bb text_font=\u00a0\u00bbShadows Into Light||||||||\u00a0\u00bb text_text_color=\u00a0\u00bb#6c6386&Prime; text_font_size=\u00a0\u00bb35px\u00a0\u00bb global_colors_info=\u00a0\u00bb{}\u00a0\u00bb]<\/p>\n<h2 style=\"text-align: center;\">Dans d&rsquo;autres domaines&#8230;<\/h2>\n<p>[\/et_pb_text][dipl_blog_slider posts_number=\u00a0\u00bb50&Prime; include_categories=\u00a0\u00bb16,6,13,14,10,11,9,5,7,17,18,20&Prime; featured_image_size=\u00a0\u00bbfull\u00a0\u00bb excerpt_length=\u00a0\u00bb0&Prime; show_author=\u00a0\u00bboff\u00a0\u00bb show_date=\u00a0\u00bboff\u00a0\u00bb show_comments=\u00a0\u00bboff\u00a0\u00bb read_more_text=\u00a0\u00bbLire la suite\u00a0\u00bb slide_effect=\u00a0\u00bbflip\u00a0\u00bb previous_slide_arrow=\u00a0\u00bb&#x3c;||divi||400&Prime; next_slide_arrow=\u00a0\u00bb&#x3d;||divi||400&Prime; show_control_dot=\u00a0\u00bboff\u00a0\u00bb arrow_font_size=\u00a0\u00bb24px\u00a0\u00bb arrow_color=\u00a0\u00bb#474747&Prime; post_per_slide_tablet=\u00a0\u00bb2&Prime; post_per_slide_phone=\u00a0\u00bb1&Prime; _builder_version=\u00a0\u00bb4.21.0&Prime; _module_preset=\u00a0\u00bbdefault\u00a0\u00bb title_font=\u00a0\u00bbComfortaa||||||||\u00a0\u00bb body_font_size=\u00a0\u00bb12px\u00a0\u00bb custom_read_more=\u00a0\u00bbon\u00a0\u00bb read_more_text_size=\u00a0\u00bb10px\u00a0\u00bb read_more_text_color=\u00a0\u00bb#FFFFFF\u00a0\u00bb width=\u00a0\u00bb100%\u00a0\u00bb title_font_size_tablet=\u00a0\u00bb17px\u00a0\u00bb title_font_size_phone=\u00a0\u00bb17px\u00a0\u00bb title_font_size_last_edited=\u00a0\u00bbon|desktop\u00a0\u00bb global_colors_info=\u00a0\u00bb{}\u00a0\u00bb][\/dipl_blog_slider][\/et_pb_column][\/et_pb_row][\/et_pb_section]<\/p>\n","protected":false},"excerpt":{"rendered":"<p>D\u00e9couverte de l&rsquo;autre, de ses traditions et de sa culture et \u00e9loge de la diff\u00e9rence.<\/p>\n","protected":false},"author":1,"featured_media":132,"parent":0,"menu_order":0,"comment_status":"closed","ping_status":"closed","template":"","meta":{"_et_pb_use_builder":"on","_et_pb_old_content":"","_et_gb_content_width":"","footnotes":""},"class_list":["post-1109","page","type-page","status-publish","has-post-thumbnail","hentry"],"yoast_head":"<!-- This site is optimized with the Yoast SEO plugin v27.5 - https:\/\/yoast.com\/product\/yoast-seo-wordpress\/ -->\n<title>Culture d&#039;ailleurs - PlaneteVero<\/title>\n<meta name=\"description\" content=\"D\u00e9couverte de l&#039;autre, de ses traditions et de sa culture et \u00e9loge de la diff\u00e9rence.\" \/>\n<meta name=\"robots\" content=\"index, follow, max-snippet:-1, max-image-preview:large, max-video-preview:-1\" \/>\n<link rel=\"canonical\" href=\"https:\/\/planetevero.fr\/index.php\/culture-dailleurs\/\" \/>\n<meta property=\"og:locale\" content=\"fr_FR\" \/>\n<meta property=\"og:type\" content=\"article\" \/>\n<meta property=\"og:title\" content=\"Culture d&#039;ailleurs - PlaneteVero\" \/>\n<meta property=\"og:description\" content=\"D\u00e9couverte de l&#039;autre, de ses traditions et de sa culture et \u00e9loge de la diff\u00e9rence.\" \/>\n<meta property=\"og:url\" content=\"https:\/\/planetevero.fr\/index.php\/culture-dailleurs\/\" \/>\n<meta property=\"og:site_name\" content=\"PlaneteVero\" \/>\n<meta property=\"article:modified_time\" content=\"2023-07-01T15:27:14+00:00\" \/>\n<meta property=\"og:image\" content=\"http:\/\/planetevero.fr\/wp-content\/uploads\/2021\/12\/vernisculturel-culture-d-ailleurs.jpg\" \/>\n\t<meta property=\"og:image:width\" content=\"545\" \/>\n\t<meta property=\"og:image:height\" content=\"363\" \/>\n\t<meta property=\"og:image:type\" content=\"image\/jpeg\" \/>\n<meta name=\"twitter:card\" content=\"summary_large_image\" \/>\n<meta name=\"twitter:label1\" content=\"Dur\u00e9e de lecture estim\u00e9e\" \/>\n\t<meta name=\"twitter:data1\" content=\"3 minutes\" \/>\n<script type=\"application\/ld+json\" class=\"yoast-schema-graph\">{\"@context\":\"https:\\\/\\\/schema.org\",\"@graph\":[{\"@type\":\"WebPage\",\"@id\":\"https:\\\/\\\/planetevero.fr\\\/index.php\\\/culture-dailleurs\\\/\",\"url\":\"https:\\\/\\\/planetevero.fr\\\/index.php\\\/culture-dailleurs\\\/\",\"name\":\"Culture d'ailleurs - PlaneteVero\",\"isPartOf\":{\"@id\":\"https:\\\/\\\/planetevero.fr\\\/#website\"},\"primaryImageOfPage\":{\"@id\":\"https:\\\/\\\/planetevero.fr\\\/index.php\\\/culture-dailleurs\\\/#primaryimage\"},\"image\":{\"@id\":\"https:\\\/\\\/planetevero.fr\\\/index.php\\\/culture-dailleurs\\\/#primaryimage\"},\"thumbnailUrl\":\"https:\\\/\\\/planetevero.fr\\\/wp-content\\\/uploads\\\/2021\\\/12\\\/vernisculturel-culture-d-ailleurs.jpg\",\"datePublished\":\"2021-12-13T09:18:37+00:00\",\"dateModified\":\"2023-07-01T15:27:14+00:00\",\"description\":\"D\u00e9couverte de l'autre, de ses traditions et de sa culture et \u00e9loge de la diff\u00e9rence.\",\"breadcrumb\":{\"@id\":\"https:\\\/\\\/planetevero.fr\\\/index.php\\\/culture-dailleurs\\\/#breadcrumb\"},\"inLanguage\":\"fr-FR\",\"potentialAction\":[{\"@type\":\"ReadAction\",\"target\":[\"https:\\\/\\\/planetevero.fr\\\/index.php\\\/culture-dailleurs\\\/\"]}]},{\"@type\":\"ImageObject\",\"inLanguage\":\"fr-FR\",\"@id\":\"https:\\\/\\\/planetevero.fr\\\/index.php\\\/culture-dailleurs\\\/#primaryimage\",\"url\":\"https:\\\/\\\/planetevero.fr\\\/wp-content\\\/uploads\\\/2021\\\/12\\\/vernisculturel-culture-d-ailleurs.jpg\",\"contentUrl\":\"https:\\\/\\\/planetevero.fr\\\/wp-content\\\/uploads\\\/2021\\\/12\\\/vernisculturel-culture-d-ailleurs.jpg\",\"width\":545,\"height\":363},{\"@type\":\"BreadcrumbList\",\"@id\":\"https:\\\/\\\/planetevero.fr\\\/index.php\\\/culture-dailleurs\\\/#breadcrumb\",\"itemListElement\":[{\"@type\":\"ListItem\",\"position\":1,\"name\":\"Accueil\",\"item\":\"https:\\\/\\\/planetevero.fr\\\/\"},{\"@type\":\"ListItem\",\"position\":2,\"name\":\"Culture d&rsquo;ailleurs\"}]},{\"@type\":\"WebSite\",\"@id\":\"https:\\\/\\\/planetevero.fr\\\/#website\",\"url\":\"https:\\\/\\\/planetevero.fr\\\/\",\"name\":\"PlaneteVero\",\"description\":\"Mon espace...\",\"publisher\":{\"@id\":\"https:\\\/\\\/planetevero.fr\\\/#\\\/schema\\\/person\\\/8fcf467d3a546ac22358e09ec9822d13\"},\"potentialAction\":[{\"@type\":\"SearchAction\",\"target\":{\"@type\":\"EntryPoint\",\"urlTemplate\":\"https:\\\/\\\/planetevero.fr\\\/?s={search_term_string}\"},\"query-input\":{\"@type\":\"PropertyValueSpecification\",\"valueRequired\":true,\"valueName\":\"search_term_string\"}}],\"inLanguage\":\"fr-FR\"},{\"@type\":[\"Person\",\"Organization\"],\"@id\":\"https:\\\/\\\/planetevero.fr\\\/#\\\/schema\\\/person\\\/8fcf467d3a546ac22358e09ec9822d13\",\"name\":\"MERVAILLIE\",\"image\":{\"@type\":\"ImageObject\",\"inLanguage\":\"fr-FR\",\"@id\":\"https:\\\/\\\/secure.gravatar.com\\\/avatar\\\/d58ab6c4cb1a0d63987ed2118b2f4b0b76272bf3604595bdd603d17045aa0547?s=96&d=mm&r=g\",\"url\":\"https:\\\/\\\/secure.gravatar.com\\\/avatar\\\/d58ab6c4cb1a0d63987ed2118b2f4b0b76272bf3604595bdd603d17045aa0547?s=96&d=mm&r=g\",\"contentUrl\":\"https:\\\/\\\/secure.gravatar.com\\\/avatar\\\/d58ab6c4cb1a0d63987ed2118b2f4b0b76272bf3604595bdd603d17045aa0547?s=96&d=mm&r=g\",\"caption\":\"MERVAILLIE\"},\"logo\":{\"@id\":\"https:\\\/\\\/secure.gravatar.com\\\/avatar\\\/d58ab6c4cb1a0d63987ed2118b2f4b0b76272bf3604595bdd603d17045aa0547?s=96&d=mm&r=g\"},\"sameAs\":[\"https:\\\/\\\/vernisculturel.fr\"]}]}<\/script>\n<!-- \/ Yoast SEO plugin. -->","yoast_head_json":{"title":"Culture d'ailleurs - PlaneteVero","description":"D\u00e9couverte de l'autre, de ses traditions et de sa culture et \u00e9loge de la diff\u00e9rence.","robots":{"index":"index","follow":"follow","max-snippet":"max-snippet:-1","max-image-preview":"max-image-preview:large","max-video-preview":"max-video-preview:-1"},"canonical":"https:\/\/planetevero.fr\/index.php\/culture-dailleurs\/","og_locale":"fr_FR","og_type":"article","og_title":"Culture d'ailleurs - PlaneteVero","og_description":"D\u00e9couverte de l'autre, de ses traditions et de sa culture et \u00e9loge de la diff\u00e9rence.","og_url":"https:\/\/planetevero.fr\/index.php\/culture-dailleurs\/","og_site_name":"PlaneteVero","article_modified_time":"2023-07-01T15:27:14+00:00","og_image":[{"width":545,"height":363,"url":"http:\/\/planetevero.fr\/wp-content\/uploads\/2021\/12\/vernisculturel-culture-d-ailleurs.jpg","type":"image\/jpeg"}],"twitter_card":"summary_large_image","twitter_misc":{"Dur\u00e9e de lecture estim\u00e9e":"3 minutes"},"schema":{"@context":"https:\/\/schema.org","@graph":[{"@type":"WebPage","@id":"https:\/\/planetevero.fr\/index.php\/culture-dailleurs\/","url":"https:\/\/planetevero.fr\/index.php\/culture-dailleurs\/","name":"Culture d'ailleurs - PlaneteVero","isPartOf":{"@id":"https:\/\/planetevero.fr\/#website"},"primaryImageOfPage":{"@id":"https:\/\/planetevero.fr\/index.php\/culture-dailleurs\/#primaryimage"},"image":{"@id":"https:\/\/planetevero.fr\/index.php\/culture-dailleurs\/#primaryimage"},"thumbnailUrl":"https:\/\/planetevero.fr\/wp-content\/uploads\/2021\/12\/vernisculturel-culture-d-ailleurs.jpg","datePublished":"2021-12-13T09:18:37+00:00","dateModified":"2023-07-01T15:27:14+00:00","description":"D\u00e9couverte de l'autre, de ses traditions et de sa culture et \u00e9loge de la diff\u00e9rence.","breadcrumb":{"@id":"https:\/\/planetevero.fr\/index.php\/culture-dailleurs\/#breadcrumb"},"inLanguage":"fr-FR","potentialAction":[{"@type":"ReadAction","target":["https:\/\/planetevero.fr\/index.php\/culture-dailleurs\/"]}]},{"@type":"ImageObject","inLanguage":"fr-FR","@id":"https:\/\/planetevero.fr\/index.php\/culture-dailleurs\/#primaryimage","url":"https:\/\/planetevero.fr\/wp-content\/uploads\/2021\/12\/vernisculturel-culture-d-ailleurs.jpg","contentUrl":"https:\/\/planetevero.fr\/wp-content\/uploads\/2021\/12\/vernisculturel-culture-d-ailleurs.jpg","width":545,"height":363},{"@type":"BreadcrumbList","@id":"https:\/\/planetevero.fr\/index.php\/culture-dailleurs\/#breadcrumb","itemListElement":[{"@type":"ListItem","position":1,"name":"Accueil","item":"https:\/\/planetevero.fr\/"},{"@type":"ListItem","position":2,"name":"Culture d&rsquo;ailleurs"}]},{"@type":"WebSite","@id":"https:\/\/planetevero.fr\/#website","url":"https:\/\/planetevero.fr\/","name":"PlaneteVero","description":"Mon espace...","publisher":{"@id":"https:\/\/planetevero.fr\/#\/schema\/person\/8fcf467d3a546ac22358e09ec9822d13"},"potentialAction":[{"@type":"SearchAction","target":{"@type":"EntryPoint","urlTemplate":"https:\/\/planetevero.fr\/?s={search_term_string}"},"query-input":{"@type":"PropertyValueSpecification","valueRequired":true,"valueName":"search_term_string"}}],"inLanguage":"fr-FR"},{"@type":["Person","Organization"],"@id":"https:\/\/planetevero.fr\/#\/schema\/person\/8fcf467d3a546ac22358e09ec9822d13","name":"MERVAILLIE","image":{"@type":"ImageObject","inLanguage":"fr-FR","@id":"https:\/\/secure.gravatar.com\/avatar\/d58ab6c4cb1a0d63987ed2118b2f4b0b76272bf3604595bdd603d17045aa0547?s=96&d=mm&r=g","url":"https:\/\/secure.gravatar.com\/avatar\/d58ab6c4cb1a0d63987ed2118b2f4b0b76272bf3604595bdd603d17045aa0547?s=96&d=mm&r=g","contentUrl":"https:\/\/secure.gravatar.com\/avatar\/d58ab6c4cb1a0d63987ed2118b2f4b0b76272bf3604595bdd603d17045aa0547?s=96&d=mm&r=g","caption":"MERVAILLIE"},"logo":{"@id":"https:\/\/secure.gravatar.com\/avatar\/d58ab6c4cb1a0d63987ed2118b2f4b0b76272bf3604595bdd603d17045aa0547?s=96&d=mm&r=g"},"sameAs":["https:\/\/vernisculturel.fr"]}]}},"_links":{"self":[{"href":"https:\/\/planetevero.fr\/index.php\/wp-json\/wp\/v2\/pages\/1109","targetHints":{"allow":["GET"]}}],"collection":[{"href":"https:\/\/planetevero.fr\/index.php\/wp-json\/wp\/v2\/pages"}],"about":[{"href":"https:\/\/planetevero.fr\/index.php\/wp-json\/wp\/v2\/types\/page"}],"author":[{"embeddable":true,"href":"https:\/\/planetevero.fr\/index.php\/wp-json\/wp\/v2\/users\/1"}],"replies":[{"embeddable":true,"href":"https:\/\/planetevero.fr\/index.php\/wp-json\/wp\/v2\/comments?post=1109"}],"version-history":[{"count":31,"href":"https:\/\/planetevero.fr\/index.php\/wp-json\/wp\/v2\/pages\/1109\/revisions"}],"predecessor-version":[{"id":4637,"href":"https:\/\/planetevero.fr\/index.php\/wp-json\/wp\/v2\/pages\/1109\/revisions\/4637"}],"wp:featuredmedia":[{"embeddable":true,"href":"https:\/\/planetevero.fr\/index.php\/wp-json\/wp\/v2\/media\/132"}],"wp:attachment":[{"href":"https:\/\/planetevero.fr\/index.php\/wp-json\/wp\/v2\/media?parent=1109"}],"curies":[{"name":"wp","href":"https:\/\/api.w.org\/{rel}","templated":true}]}}