{"id":106,"date":"2021-12-07T10:04:40","date_gmt":"2021-12-07T09:04:40","guid":{"rendered":"https:\/\/vernisculturel.fr\/?page_id=106"},"modified":"2023-07-01T17:47:16","modified_gmt":"2023-07-01T15:47:16","slug":"accueil","status":"publish","type":"page","link":"https:\/\/planetevero.fr\/","title":{"rendered":"ACCUEIL"},"content":{"rendered":"<p>[et_pb_section fb_built=\u00a0\u00bb1&Prime; inner_shadow=\u00a0\u00bbon\u00a0\u00bb _builder_version=\u00a0\u00bb4.21.0&Prime; _module_preset=\u00a0\u00bbdefault\u00a0\u00bb custom_margin=\u00a0\u00bb0px||||false|false\u00a0\u00bb custom_padding=\u00a0\u00bb0px||||false|false\u00a0\u00bb border_width_bottom=\u00a0\u00bb2px\u00a0\u00bb border_color_bottom=\u00a0\u00bb#0a0000&Prime; global_colors_info=\u00a0\u00bb{}\u00a0\u00bb][et_pb_row column_structure=\u00a0\u00bb1_4,1_4,1_4,1_4&Prime; use_custom_gutter=\u00a0\u00bbon\u00a0\u00bb gutter_width=\u00a0\u00bb1&Prime; _builder_version=\u00a0\u00bb4.21.0&Prime; _module_preset=\u00a0\u00bbdefault\u00a0\u00bb width=\u00a0\u00bb95%\u00a0\u00bb custom_margin=\u00a0\u00bb0px||0px||false|false\u00a0\u00bb custom_padding=\u00a0\u00bb0px||||false|false\u00a0\u00bb global_colors_info=\u00a0\u00bb{}\u00a0\u00bb][et_pb_column type=\u00a0\u00bb1_4&Prime; _builder_version=\u00a0\u00bb4.21.0&Prime; _module_preset=\u00a0\u00bbdefault\u00a0\u00bb global_colors_info=\u00a0\u00bb{}\u00a0\u00bb][et_pb_image src=\u00a0\u00bbhttp:\/\/planetevero.fr\/wp-content\/uploads\/2023\/06\/IMG_20220819_143737-scaled.jpg\u00a0\u00bb title_text=\u00a0\u00bbIMG_20220819_143737&Prime; _builder_version=\u00a0\u00bb4.21.0&Prime; _module_preset=\u00a0\u00bbdefault\u00a0\u00bb global_colors_info=\u00a0\u00bb{}\u00a0\u00bb][\/et_pb_image][\/et_pb_column][et_pb_column type=\u00a0\u00bb1_4&Prime; _builder_version=\u00a0\u00bb4.21.0&Prime; _module_preset=\u00a0\u00bbdefault\u00a0\u00bb global_colors_info=\u00a0\u00bb{}\u00a0\u00bb][et_pb_image src=\u00a0\u00bbhttp:\/\/planetevero.fr\/wp-content\/uploads\/2023\/06\/IMG_20230605_165719-scaled.jpg\u00a0\u00bb title_text=\u00a0\u00bbIMG_20230605_165719&Prime; _builder_version=\u00a0\u00bb4.21.0&Prime; _module_preset=\u00a0\u00bbdefault\u00a0\u00bb global_colors_info=\u00a0\u00bb{}\u00a0\u00bb][\/et_pb_image][\/et_pb_column][et_pb_column type=\u00a0\u00bb1_4&Prime; _builder_version=\u00a0\u00bb4.21.0&Prime; _module_preset=\u00a0\u00bbdefault\u00a0\u00bb global_colors_info=\u00a0\u00bb{}\u00a0\u00bb][et_pb_image src=\u00a0\u00bbhttp:\/\/planetevero.fr\/wp-content\/uploads\/2023\/06\/IMG_20230626_163315-scaled.jpg\u00a0\u00bb title_text=\u00a0\u00bbIMG_20230626_163315&Prime; align=\u00a0\u00bbcenter\u00a0\u00bb force_fullwidth=\u00a0\u00bbon\u00a0\u00bb _builder_version=\u00a0\u00bb4.21.0&Prime; _module_preset=\u00a0\u00bbdefault\u00a0\u00bb global_colors_info=\u00a0\u00bb{}\u00a0\u00bb][\/et_pb_image][\/et_pb_column][et_pb_column type=\u00a0\u00bb1_4&Prime; _builder_version=\u00a0\u00bb4.21.0&Prime; _module_preset=\u00a0\u00bbdefault\u00a0\u00bb global_colors_info=\u00a0\u00bb{}\u00a0\u00bb][et_pb_image src=\u00a0\u00bbhttp:\/\/planetevero.fr\/wp-content\/uploads\/2023\/06\/IMG_20230604_150647-scaled.jpg\u00a0\u00bb title_text=\u00a0\u00bbIMG_20230604_150647&Prime; align=\u00a0\u00bbcenter\u00a0\u00bb force_fullwidth=\u00a0\u00bbon\u00a0\u00bb _builder_version=\u00a0\u00bb4.21.0&Prime; _module_preset=\u00a0\u00bbdefault\u00a0\u00bb global_colors_info=\u00a0\u00bb{}\u00a0\u00bb][\/et_pb_image][\/et_pb_column][\/et_pb_row][et_pb_row column_structure=\u00a0\u00bb3_5,2_5&Prime; use_custom_gutter=\u00a0\u00bbon\u00a0\u00bb _builder_version=\u00a0\u00bb4.21.0&Prime; _module_preset=\u00a0\u00bbdefault\u00a0\u00bb width=\u00a0\u00bb95%\u00a0\u00bb custom_margin=\u00a0\u00bb0px||0px||false|false\u00a0\u00bb custom_padding=\u00a0\u00bb0px||||false|false\u00a0\u00bb global_colors_info=\u00a0\u00bb{}\u00a0\u00bb][et_pb_column type=\u00a0\u00bb3_5&Prime; _builder_version=\u00a0\u00bb4.21.0&Prime; _module_preset=\u00a0\u00bbdefault\u00a0\u00bb global_colors_info=\u00a0\u00bb{}\u00a0\u00bb][et_pb_text _builder_version=\u00a0\u00bb4.21.0&Prime; _module_preset=\u00a0\u00bbdefault\u00a0\u00bb header_2_text_align=\u00a0\u00bbcenter\u00a0\u00bb header_2_font_size=\u00a0\u00bb45px\u00a0\u00bb custom_padding=\u00a0\u00bb20px||||false|false\u00a0\u00bb border_width_bottom=\u00a0\u00bb2px\u00a0\u00bb global_colors_info=\u00a0\u00bb{}\u00a0\u00bb]<\/p>\n<h2>derni\u00e8rement<\/h2>\n<p>[\/et_pb_text][et_pb_blog posts_number=\u00a0\u00bb1&Prime; include_categories=\u00a0\u00bball\u00a0\u00bb show_more=\u00a0\u00bbon\u00a0\u00bb show_author=\u00a0\u00bboff\u00a0\u00bb show_date=\u00a0\u00bboff\u00a0\u00bb _builder_version=\u00a0\u00bb4.21.0&Prime; _module_preset=\u00a0\u00bbdefault\u00a0\u00bb body_font_size=\u00a0\u00bb14px\u00a0\u00bb meta_text_color=\u00a0\u00bb#7CDA24&Prime; global_colors_info=\u00a0\u00bb{}\u00a0\u00bb][\/et_pb_blog][\/et_pb_column][et_pb_column type=\u00a0\u00bb2_5&Prime; _builder_version=\u00a0\u00bb4.21.0&Prime; _module_preset=\u00a0\u00bbdefault\u00a0\u00bb global_colors_info=\u00a0\u00bb{}\u00a0\u00bb][et_pb_text _builder_version=\u00a0\u00bb4.21.0&Prime; _module_preset=\u00a0\u00bbdefault\u00a0\u00bb header_2_text_align=\u00a0\u00bbcenter\u00a0\u00bb header_2_font_size=\u00a0\u00bb45px\u00a0\u00bb custom_padding=\u00a0\u00bb20px||||false|false\u00a0\u00bb border_width_bottom=\u00a0\u00bb2px\u00a0\u00bb global_colors_info=\u00a0\u00bb{}\u00a0\u00bb]<\/p>\n<h2>A PROPOS<\/h2>\n<p>[\/et_pb_text][et_pb_image src=\u00a0\u00bbhttp:\/\/planetevero.fr\/wp-content\/uploads\/2023\/06\/image-1.jpeg\u00a0\u00bb title_text=\u00a0\u00bbimage (1)\u00a0\u00bb url=\u00a0\u00bb@ET-DC@eyJkeW5hbWljIjp0cnVlLCJjb250ZW50IjoicG9zdF9saW5rX3VybF9wYWdlIiwic2V0dGluZ3MiOnsicG9zdF9pZCI6Ijg3In19@\u00a0\u00bb _builder_version=\u00a0\u00bb4.21.0&Prime; _dynamic_attributes=\u00a0\u00bburl\u00a0\u00bb _module_preset=\u00a0\u00bbdefault\u00a0\u00bb global_colors_info=\u00a0\u00bb{}\u00a0\u00bb][\/et_pb_image][et_pb_text _builder_version=\u00a0\u00bb4.21.0&Prime; _module_preset=\u00a0\u00bbdefault\u00a0\u00bb text_font=\u00a0\u00bb||||||||\u00a0\u00bb text_font_size=\u00a0\u00bb14px\u00a0\u00bb custom_padding=\u00a0\u00bb|15px|50px|15px|false|false\u00a0\u00bb hover_enabled=\u00a0\u00bb0&Prime; global_colors_info=\u00a0\u00bb{}\u00a0\u00bb custom_margin=\u00a0\u00bb||||false|false\u00a0\u00bb sticky_enabled=\u00a0\u00bb0&Prime;]<\/p>\n<p style=\"text-align: center;\">Bienvenue<\/p>\n<p style=\"text-align: justify;\">Venez d\u00e9couvrir tout ce qui m&rsquo;int\u00e9resse et que je souhaite partager : bons livres, bonnes s\u00e9ries, bonnes adresses, beaux voyages, sujets d&rsquo;actu et bien plus encore !<\/p>\n<p>[\/et_pb_text][\/et_pb_column][\/et_pb_row][et_pb_row use_custom_gutter=\u00a0\u00bbon\u00a0\u00bb _builder_version=\u00a0\u00bb4.21.0&Prime; _module_preset=\u00a0\u00bbdefault\u00a0\u00bb width=\u00a0\u00bb95%\u00a0\u00bb custom_margin=\u00a0\u00bb0px||0px||false|false\u00a0\u00bb custom_padding=\u00a0\u00bb0px||||false|false\u00a0\u00bb global_colors_info=\u00a0\u00bb{}\u00a0\u00bb][et_pb_column type=\u00a0\u00bb4_4&Prime; _builder_version=\u00a0\u00bb4.21.0&Prime; _module_preset=\u00a0\u00bbdefault\u00a0\u00bb global_colors_info=\u00a0\u00bb{}\u00a0\u00bb][et_pb_text _builder_version=\u00a0\u00bb4.21.0&Prime; _module_preset=\u00a0\u00bbdefault\u00a0\u00bb header_2_text_align=\u00a0\u00bbcenter\u00a0\u00bb header_2_font_size=\u00a0\u00bb45px\u00a0\u00bb custom_margin=\u00a0\u00bb||||false|false\u00a0\u00bb custom_padding=\u00a0\u00bb20px||||false|false\u00a0\u00bb border_width_bottom=\u00a0\u00bb2px\u00a0\u00bb global_colors_info=\u00a0\u00bb{}\u00a0\u00bb]<\/p>\n<h2 style=\"text-align: center;\">RECEMMENT<\/h2>\n<p>[\/et_pb_text][et_pb_blog fullwidth=\u00a0\u00bboff\u00a0\u00bb posts_number=\u00a0\u00bb6&Prime; include_categories=\u00a0\u00bball\u00a0\u00bb show_more=\u00a0\u00bbon\u00a0\u00bb show_author=\u00a0\u00bboff\u00a0\u00bb show_date=\u00a0\u00bboff\u00a0\u00bb _builder_version=\u00a0\u00bb4.21.0&Prime; _module_preset=\u00a0\u00bbdefault\u00a0\u00bb header_font_size=\u00a0\u00bb33px\u00a0\u00bb body_font_size=\u00a0\u00bb13px\u00a0\u00bb meta_text_color=\u00a0\u00bb#7cda24&Prime; header_font_size_tablet=\u00a0\u00bb33px\u00a0\u00bb header_font_size_phone=\u00a0\u00bb33px\u00a0\u00bb header_font_size_last_edited=\u00a0\u00bbon|desktop\u00a0\u00bb border_color_all=\u00a0\u00bb#8F8F8F\u00a0\u00bb global_colors_info=\u00a0\u00bb{}\u00a0\u00bb][\/et_pb_blog][\/et_pb_column][\/et_pb_row][\/et_pb_section]<\/p>\n","protected":false},"excerpt":{"rendered":"<p>derni\u00e8rementA PROPOSBienvenue Venez d\u00e9couvrir tout ce qui m&rsquo;int\u00e9resse et que je souhaite partager : bons livres, bonnes s\u00e9ries, bonnes adresses, beaux voyages, sujets d&rsquo;actu et bien plus encore !RECEMMENT<\/p>\n","protected":false},"author":1,"featured_media":43,"parent":0,"menu_order":0,"comment_status":"closed","ping_status":"closed","template":"","meta":{"_et_pb_use_builder":"on","_et_pb_old_content":"","_et_gb_content_width":"","footnotes":""},"class_list":["post-106","page","type-page","status-publish","has-post-thumbnail","hentry"],"yoast_head":"<!-- This site is optimized with the Yoast SEO plugin v27.5 - https:\/\/yoast.com\/product\/yoast-seo-wordpress\/ -->\n<title>ACCUEIL - PlaneteVero<\/title>\n<meta name=\"description\" content=\"planetevero.fr : un espace qui n\u2019a pas d\u2019autre pr\u00e9tention que de donner aux esprits curieux l\u2019envie d\u2019en d\u00e9couvrir encore davantage.\" \/>\n<meta name=\"robots\" content=\"index, follow, max-snippet:-1, max-image-preview:large, max-video-preview:-1\" \/>\n<link rel=\"canonical\" href=\"https:\/\/planetevero.fr\/\" \/>\n<meta property=\"og:locale\" content=\"fr_FR\" \/>\n<meta property=\"og:type\" content=\"article\" \/>\n<meta property=\"og:title\" content=\"ACCUEIL - PlaneteVero\" \/>\n<meta property=\"og:description\" content=\"planetevero.fr : un espace qui n\u2019a pas d\u2019autre pr\u00e9tention que de donner aux esprits curieux l\u2019envie d\u2019en d\u00e9couvrir encore davantage.\" \/>\n<meta property=\"og:url\" content=\"https:\/\/planetevero.fr\/\" \/>\n<meta property=\"og:site_name\" content=\"PlaneteVero\" \/>\n<meta property=\"article:modified_time\" content=\"2023-07-01T15:47:16+00:00\" \/>\n<meta property=\"og:image\" content=\"http:\/\/planetevero.fr\/wp-content\/uploads\/2021\/12\/foto-post-smalti-vernisculturel-rotated.jpg\" \/>\n\t<meta property=\"og:image:width\" content=\"1080\" \/>\n\t<meta property=\"og:image:height\" content=\"1920\" \/>\n\t<meta property=\"og:image:type\" content=\"image\/jpeg\" \/>\n<meta name=\"twitter:card\" content=\"summary_large_image\" \/>\n<meta name=\"twitter:label1\" content=\"Dur\u00e9e de lecture estim\u00e9e\" \/>\n\t<meta name=\"twitter:data1\" content=\"2 minutes\" \/>\n<script type=\"application\/ld+json\" class=\"yoast-schema-graph\">{\"@context\":\"https:\\\/\\\/schema.org\",\"@graph\":[{\"@type\":\"WebPage\",\"@id\":\"https:\\\/\\\/planetevero.fr\\\/\",\"url\":\"https:\\\/\\\/planetevero.fr\\\/\",\"name\":\"ACCUEIL - PlaneteVero\",\"isPartOf\":{\"@id\":\"https:\\\/\\\/planetevero.fr\\\/#website\"},\"primaryImageOfPage\":{\"@id\":\"https:\\\/\\\/planetevero.fr\\\/#primaryimage\"},\"image\":{\"@id\":\"https:\\\/\\\/planetevero.fr\\\/#primaryimage\"},\"thumbnailUrl\":\"https:\\\/\\\/planetevero.fr\\\/wp-content\\\/uploads\\\/2021\\\/12\\\/foto-post-smalti-vernisculturel-rotated.jpg\",\"datePublished\":\"2021-12-07T09:04:40+00:00\",\"dateModified\":\"2023-07-01T15:47:16+00:00\",\"description\":\"planetevero.fr : un espace qui n\u2019a pas d\u2019autre pr\u00e9tention que de donner aux esprits curieux l\u2019envie d\u2019en d\u00e9couvrir encore davantage.\",\"breadcrumb\":{\"@id\":\"https:\\\/\\\/planetevero.fr\\\/#breadcrumb\"},\"inLanguage\":\"fr-FR\",\"potentialAction\":[{\"@type\":\"ReadAction\",\"target\":[\"https:\\\/\\\/planetevero.fr\\\/\"]}]},{\"@type\":\"ImageObject\",\"inLanguage\":\"fr-FR\",\"@id\":\"https:\\\/\\\/planetevero.fr\\\/#primaryimage\",\"url\":\"https:\\\/\\\/planetevero.fr\\\/wp-content\\\/uploads\\\/2021\\\/12\\\/foto-post-smalti-vernisculturel-rotated.jpg\",\"contentUrl\":\"https:\\\/\\\/planetevero.fr\\\/wp-content\\\/uploads\\\/2021\\\/12\\\/foto-post-smalti-vernisculturel-rotated.jpg\",\"width\":1080,\"height\":1920},{\"@type\":\"BreadcrumbList\",\"@id\":\"https:\\\/\\\/planetevero.fr\\\/#breadcrumb\",\"itemListElement\":[{\"@type\":\"ListItem\",\"position\":1,\"name\":\"Accueil\",\"item\":\"https:\\\/\\\/planetevero.fr\\\/\"},{\"@type\":\"ListItem\",\"position\":2,\"name\":\"ACCUEIL\"}]},{\"@type\":\"WebSite\",\"@id\":\"https:\\\/\\\/planetevero.fr\\\/#website\",\"url\":\"https:\\\/\\\/planetevero.fr\\\/\",\"name\":\"PlaneteVero\",\"description\":\"Mon espace...\",\"publisher\":{\"@id\":\"https:\\\/\\\/planetevero.fr\\\/#\\\/schema\\\/person\\\/8fcf467d3a546ac22358e09ec9822d13\"},\"potentialAction\":[{\"@type\":\"SearchAction\",\"target\":{\"@type\":\"EntryPoint\",\"urlTemplate\":\"https:\\\/\\\/planetevero.fr\\\/?s={search_term_string}\"},\"query-input\":{\"@type\":\"PropertyValueSpecification\",\"valueRequired\":true,\"valueName\":\"search_term_string\"}}],\"inLanguage\":\"fr-FR\"},{\"@type\":[\"Person\",\"Organization\"],\"@id\":\"https:\\\/\\\/planetevero.fr\\\/#\\\/schema\\\/person\\\/8fcf467d3a546ac22358e09ec9822d13\",\"name\":\"MERVAILLIE\",\"image\":{\"@type\":\"ImageObject\",\"inLanguage\":\"fr-FR\",\"@id\":\"https:\\\/\\\/secure.gravatar.com\\\/avatar\\\/d58ab6c4cb1a0d63987ed2118b2f4b0b76272bf3604595bdd603d17045aa0547?s=96&d=mm&r=g\",\"url\":\"https:\\\/\\\/secure.gravatar.com\\\/avatar\\\/d58ab6c4cb1a0d63987ed2118b2f4b0b76272bf3604595bdd603d17045aa0547?s=96&d=mm&r=g\",\"contentUrl\":\"https:\\\/\\\/secure.gravatar.com\\\/avatar\\\/d58ab6c4cb1a0d63987ed2118b2f4b0b76272bf3604595bdd603d17045aa0547?s=96&d=mm&r=g\",\"caption\":\"MERVAILLIE\"},\"logo\":{\"@id\":\"https:\\\/\\\/secure.gravatar.com\\\/avatar\\\/d58ab6c4cb1a0d63987ed2118b2f4b0b76272bf3604595bdd603d17045aa0547?s=96&d=mm&r=g\"},\"sameAs\":[\"https:\\\/\\\/vernisculturel.fr\"]}]}<\/script>\n<!-- \/ Yoast SEO plugin. -->","yoast_head_json":{"title":"ACCUEIL - PlaneteVero","description":"planetevero.fr : un espace qui n\u2019a pas d\u2019autre pr\u00e9tention que de donner aux esprits curieux l\u2019envie d\u2019en d\u00e9couvrir encore davantage.","robots":{"index":"index","follow":"follow","max-snippet":"max-snippet:-1","max-image-preview":"max-image-preview:large","max-video-preview":"max-video-preview:-1"},"canonical":"https:\/\/planetevero.fr\/","og_locale":"fr_FR","og_type":"article","og_title":"ACCUEIL - PlaneteVero","og_description":"planetevero.fr : un espace qui n\u2019a pas d\u2019autre pr\u00e9tention que de donner aux esprits curieux l\u2019envie d\u2019en d\u00e9couvrir encore davantage.","og_url":"https:\/\/planetevero.fr\/","og_site_name":"PlaneteVero","article_modified_time":"2023-07-01T15:47:16+00:00","og_image":[{"width":1080,"height":1920,"url":"http:\/\/planetevero.fr\/wp-content\/uploads\/2021\/12\/foto-post-smalti-vernisculturel-rotated.jpg","type":"image\/jpeg"}],"twitter_card":"summary_large_image","twitter_misc":{"Dur\u00e9e de lecture estim\u00e9e":"2 minutes"},"schema":{"@context":"https:\/\/schema.org","@graph":[{"@type":"WebPage","@id":"https:\/\/planetevero.fr\/","url":"https:\/\/planetevero.fr\/","name":"ACCUEIL - PlaneteVero","isPartOf":{"@id":"https:\/\/planetevero.fr\/#website"},"primaryImageOfPage":{"@id":"https:\/\/planetevero.fr\/#primaryimage"},"image":{"@id":"https:\/\/planetevero.fr\/#primaryimage"},"thumbnailUrl":"https:\/\/planetevero.fr\/wp-content\/uploads\/2021\/12\/foto-post-smalti-vernisculturel-rotated.jpg","datePublished":"2021-12-07T09:04:40+00:00","dateModified":"2023-07-01T15:47:16+00:00","description":"planetevero.fr : un espace qui n\u2019a pas d\u2019autre pr\u00e9tention que de donner aux esprits curieux l\u2019envie d\u2019en d\u00e9couvrir encore davantage.","breadcrumb":{"@id":"https:\/\/planetevero.fr\/#breadcrumb"},"inLanguage":"fr-FR","potentialAction":[{"@type":"ReadAction","target":["https:\/\/planetevero.fr\/"]}]},{"@type":"ImageObject","inLanguage":"fr-FR","@id":"https:\/\/planetevero.fr\/#primaryimage","url":"https:\/\/planetevero.fr\/wp-content\/uploads\/2021\/12\/foto-post-smalti-vernisculturel-rotated.jpg","contentUrl":"https:\/\/planetevero.fr\/wp-content\/uploads\/2021\/12\/foto-post-smalti-vernisculturel-rotated.jpg","width":1080,"height":1920},{"@type":"BreadcrumbList","@id":"https:\/\/planetevero.fr\/#breadcrumb","itemListElement":[{"@type":"ListItem","position":1,"name":"Accueil","item":"https:\/\/planetevero.fr\/"},{"@type":"ListItem","position":2,"name":"ACCUEIL"}]},{"@type":"WebSite","@id":"https:\/\/planetevero.fr\/#website","url":"https:\/\/planetevero.fr\/","name":"PlaneteVero","description":"Mon espace...","publisher":{"@id":"https:\/\/planetevero.fr\/#\/schema\/person\/8fcf467d3a546ac22358e09ec9822d13"},"potentialAction":[{"@type":"SearchAction","target":{"@type":"EntryPoint","urlTemplate":"https:\/\/planetevero.fr\/?s={search_term_string}"},"query-input":{"@type":"PropertyValueSpecification","valueRequired":true,"valueName":"search_term_string"}}],"inLanguage":"fr-FR"},{"@type":["Person","Organization"],"@id":"https:\/\/planetevero.fr\/#\/schema\/person\/8fcf467d3a546ac22358e09ec9822d13","name":"MERVAILLIE","image":{"@type":"ImageObject","inLanguage":"fr-FR","@id":"https:\/\/secure.gravatar.com\/avatar\/d58ab6c4cb1a0d63987ed2118b2f4b0b76272bf3604595bdd603d17045aa0547?s=96&d=mm&r=g","url":"https:\/\/secure.gravatar.com\/avatar\/d58ab6c4cb1a0d63987ed2118b2f4b0b76272bf3604595bdd603d17045aa0547?s=96&d=mm&r=g","contentUrl":"https:\/\/secure.gravatar.com\/avatar\/d58ab6c4cb1a0d63987ed2118b2f4b0b76272bf3604595bdd603d17045aa0547?s=96&d=mm&r=g","caption":"MERVAILLIE"},"logo":{"@id":"https:\/\/secure.gravatar.com\/avatar\/d58ab6c4cb1a0d63987ed2118b2f4b0b76272bf3604595bdd603d17045aa0547?s=96&d=mm&r=g"},"sameAs":["https:\/\/vernisculturel.fr"]}]}},"_links":{"self":[{"href":"https:\/\/planetevero.fr\/index.php\/wp-json\/wp\/v2\/pages\/106","targetHints":{"allow":["GET"]}}],"collection":[{"href":"https:\/\/planetevero.fr\/index.php\/wp-json\/wp\/v2\/pages"}],"about":[{"href":"https:\/\/planetevero.fr\/index.php\/wp-json\/wp\/v2\/types\/page"}],"author":[{"embeddable":true,"href":"https:\/\/planetevero.fr\/index.php\/wp-json\/wp\/v2\/users\/1"}],"replies":[{"embeddable":true,"href":"https:\/\/planetevero.fr\/index.php\/wp-json\/wp\/v2\/comments?post=106"}],"version-history":[{"count":84,"href":"https:\/\/planetevero.fr\/index.php\/wp-json\/wp\/v2\/pages\/106\/revisions"}],"predecessor-version":[{"id":4650,"href":"https:\/\/planetevero.fr\/index.php\/wp-json\/wp\/v2\/pages\/106\/revisions\/4650"}],"wp:featuredmedia":[{"embeddable":true,"href":"https:\/\/planetevero.fr\/index.php\/wp-json\/wp\/v2\/media\/43"}],"wp:attachment":[{"href":"https:\/\/planetevero.fr\/index.php\/wp-json\/wp\/v2\/media?parent=106"}],"curies":[{"name":"wp","href":"https:\/\/api.w.org\/{rel}","templated":true}]}}